{"id":374,"date":"2018-02-12T12:16:24","date_gmt":"2018-02-12T11:16:24","guid":{"rendered":"http:\/\/lider-clean-auto.fr\/?page_id=374"},"modified":"2020-06-03T17:23:54","modified_gmt":"2020-06-03T15:23:54","slug":"protection-carrosserie-ceramique-nano-9h-dpc-n9h","status":"publish","type":"page","link":"https:\/\/lider-clean-auto.fr\/index.php\/protection-carrosserie-ceramique-nano-9h-dpc-n9h\/","title":{"rendered":"Protection Carrosserie C\u00e9ramique Nano 9H \u2013 DPC \u2013 N9H"},"content":{"rendered":"\n<figure class=\"wp-block-gallery columns-3 is-cropped\"><ul class=\"blocks-gallery-grid\"><li class=\"blocks-gallery-item\"><figure><img loading=\"lazy\" width=\"1024\" height=\"768\" src=\"http:\/\/lider-clean-auto.fr\/wp-content\/uploads\/2020\/06\/IMG_0075-1024x768.jpg\" alt=\"\" data-id=\"516\" data-link=\"http:\/\/lider-clean-auto.fr\/index.php\/protection-carrosserie-ceramique-nano-9h-dpc-n9h\/img_0075\/\" class=\"wp-image-516\" srcset=\"https:\/\/lider-clean-auto.fr\/wp-content\/uploads\/2020\/06\/IMG_0075-1024x768.jpg 1024w, https:\/\/lider-clean-auto.fr\/wp-content\/uploads\/2020\/06\/IMG_0075-300x225.jpg 300w, https:\/\/lider-clean-auto.fr\/wp-content\/uploads\/2020\/06\/IMG_0075-768x576.jpg 768w, https:\/\/lider-clean-auto.fr\/wp-content\/uploads\/2020\/06\/IMG_0075-1536x1152.jpg 1536w, https:\/\/lider-clean-auto.fr\/wp-content\/uploads\/2020\/06\/IMG_0075-2048x1536.jpg 2048w\" sizes=\"(max-width: 1024px) 100vw, 1024px\" \/><\/figure><\/li><li class=\"blocks-gallery-item\"><figure><img loading=\"lazy\" width=\"1024\" height=\"768\" src=\"http:\/\/lider-clean-auto.fr\/wp-content\/uploads\/2020\/06\/IMG_0074-2-1024x768.jpg\" alt=\"\" data-id=\"517\" data-link=\"http:\/\/lider-clean-auto.fr\/index.php\/protection-carrosserie-ceramique-nano-9h-dpc-n9h\/img_0074-2\/\" class=\"wp-image-517\" srcset=\"https:\/\/lider-clean-auto.fr\/wp-content\/uploads\/2020\/06\/IMG_0074-2-1024x768.jpg 1024w, https:\/\/lider-clean-auto.fr\/wp-content\/uploads\/2020\/06\/IMG_0074-2-300x225.jpg 300w, https:\/\/lider-clean-auto.fr\/wp-content\/uploads\/2020\/06\/IMG_0074-2-768x576.jpg 768w, https:\/\/lider-clean-auto.fr\/wp-content\/uploads\/2020\/06\/IMG_0074-2-1536x1152.jpg 1536w, https:\/\/lider-clean-auto.fr\/wp-content\/uploads\/2020\/06\/IMG_0074-2-2048x1536.jpg 2048w\" sizes=\"(max-width: 1024px) 100vw, 1024px\" \/><\/figure><\/li><li class=\"blocks-gallery-item\"><figure><img loading=\"lazy\" width=\"768\" height=\"1024\" src=\"http:\/\/lider-clean-auto.fr\/wp-content\/uploads\/2020\/06\/IMG_0031-768x1024.jpg\" alt=\"\" data-id=\"519\" data-full-url=\"http:\/\/lider-clean-auto.fr\/wp-content\/uploads\/2020\/06\/IMG_0031-scaled.jpg\" data-link=\"http:\/\/lider-clean-auto.fr\/index.php\/protection-carrosserie-ceramique-nano-9h-dpc-n9h\/img_0031\/\" class=\"wp-image-519\" srcset=\"https:\/\/lider-clean-auto.fr\/wp-content\/uploads\/2020\/06\/IMG_0031-768x1024.jpg 768w, https:\/\/lider-clean-auto.fr\/wp-content\/uploads\/2020\/06\/IMG_0031-225x300.jpg 225w, https:\/\/lider-clean-auto.fr\/wp-content\/uploads\/2020\/06\/IMG_0031-1152x1536.jpg 1152w, https:\/\/lider-clean-auto.fr\/wp-content\/uploads\/2020\/06\/IMG_0031-1536x2048.jpg 1536w, https:\/\/lider-clean-auto.fr\/wp-content\/uploads\/2020\/06\/IMG_0031-scaled.jpg 1920w\" sizes=\"(max-width: 768px) 100vw, 768px\" \/><\/figure><\/li><\/ul><figcaption class=\"blocks-gallery-caption\">Lamborghini Urus 650CV<\/figcaption><\/figure>\n\n\n\n<figure class=\"wp-block-image\"><img alt=\"\"\/><\/figure>\n\n\n\n<figure class=\"wp-block-image size-large\"><a href=\"http:\/\/lider-clean-auto.fr\/wp-content\/uploads\/2020\/06\/porsche.jpg\"><img loading=\"lazy\" width=\"720\" height=\"960\" src=\"http:\/\/lider-clean-auto.fr\/wp-content\/uploads\/2020\/06\/porsche.jpg\" alt=\"\" class=\"wp-image-513\" srcset=\"https:\/\/lider-clean-auto.fr\/wp-content\/uploads\/2020\/06\/porsche.jpg 720w, https:\/\/lider-clean-auto.fr\/wp-content\/uploads\/2020\/06\/porsche-225x300.jpg 225w\" sizes=\"(max-width: 720px) 100vw, 720px\" \/><\/a><figcaption>boxster 987<\/figcaption><\/figure>\n\n\n<p><img loading=\"lazy\" class=\"aligncenter size-full wp-image-446\" src=\"http:\/\/lider-clean-auto.fr\/wp-content\/uploads\/2018\/10\/IMG_0209.jpg\" alt=\"\" width=\"2448\" height=\"3264\" srcset=\"https:\/\/lider-clean-auto.fr\/wp-content\/uploads\/2018\/10\/IMG_0209.jpg 2448w, https:\/\/lider-clean-auto.fr\/wp-content\/uploads\/2018\/10\/IMG_0209-225x300.jpg 225w, https:\/\/lider-clean-auto.fr\/wp-content\/uploads\/2018\/10\/IMG_0209-768x1024.jpg 768w\" sizes=\"(max-width: 2448px) 100vw, 2448px\" \/><img loading=\"lazy\" class=\"aligncenter  wp-image-445\" src=\"http:\/\/lider-clean-auto.fr\/wp-content\/uploads\/2018\/10\/IMG_0212.jpg\" alt=\"\" width=\"571\" height=\"428\" srcset=\"https:\/\/lider-clean-auto.fr\/wp-content\/uploads\/2018\/10\/IMG_0212.jpg 3264w, https:\/\/lider-clean-auto.fr\/wp-content\/uploads\/2018\/10\/IMG_0212-300x225.jpg 300w, https:\/\/lider-clean-auto.fr\/wp-content\/uploads\/2018\/10\/IMG_0212-768x576.jpg 768w, https:\/\/lider-clean-auto.fr\/wp-content\/uploads\/2018\/10\/IMG_0212-1024x768.jpg 1024w\" sizes=\"(max-width: 571px) 100vw, 571px\" \/><img loading=\"lazy\" class=\"aligncenter  wp-image-412\" src=\"http:\/\/lider-clean-auto.fr\/wp-content\/uploads\/2018\/09\/IMG_0470.jpg\" alt=\"\" width=\"579\" height=\"434\" srcset=\"https:\/\/lider-clean-auto.fr\/wp-content\/uploads\/2018\/09\/IMG_0470.jpg 3264w, https:\/\/lider-clean-auto.fr\/wp-content\/uploads\/2018\/09\/IMG_0470-300x225.jpg 300w, https:\/\/lider-clean-auto.fr\/wp-content\/uploads\/2018\/09\/IMG_0470-768x576.jpg 768w, https:\/\/lider-clean-auto.fr\/wp-content\/uploads\/2018\/09\/IMG_0470-1024x768.jpg 1024w\" sizes=\"(max-width: 579px) 100vw, 579px\" \/><\/p>\n<p><img loading=\"lazy\" class=\"aligncenter size-full wp-image-472\" src=\"http:\/\/lider-clean-auto.fr\/wp-content\/uploads\/2019\/03\/IMG_0860-e1552309164493.jpg\" alt=\"\" width=\"2448\" height=\"3264\" srcset=\"https:\/\/lider-clean-auto.fr\/wp-content\/uploads\/2019\/03\/IMG_0860-e1552309164493.jpg 2448w, https:\/\/lider-clean-auto.fr\/wp-content\/uploads\/2019\/03\/IMG_0860-e1552309164493-225x300.jpg 225w, https:\/\/lider-clean-auto.fr\/wp-content\/uploads\/2019\/03\/IMG_0860-e1552309164493-768x1024.jpg 768w\" sizes=\"(max-width: 2448px) 100vw, 2448px\" \/><img loading=\"lazy\" class=\"aligncenter size-full wp-image-473\" src=\"http:\/\/lider-clean-auto.fr\/wp-content\/uploads\/2019\/03\/IMG_0866-e1552309178243.jpg\" alt=\"\" width=\"3264\" height=\"2448\" srcset=\"https:\/\/lider-clean-auto.fr\/wp-content\/uploads\/2019\/03\/IMG_0866-e1552309178243.jpg 3264w, https:\/\/lider-clean-auto.fr\/wp-content\/uploads\/2019\/03\/IMG_0866-e1552309178243-300x225.jpg 300w, https:\/\/lider-clean-auto.fr\/wp-content\/uploads\/2019\/03\/IMG_0866-e1552309178243-768x576.jpg 768w, https:\/\/lider-clean-auto.fr\/wp-content\/uploads\/2019\/03\/IMG_0866-e1552309178243-1024x768.jpg 1024w\" sizes=\"(max-width: 3264px) 100vw, 3264px\" \/><img loading=\"lazy\" class=\"aligncenter size-full wp-image-466\" src=\"http:\/\/lider-clean-auto.fr\/wp-content\/uploads\/2019\/02\/IMG_0807_LI.jpg\" alt=\"\" width=\"2448\" height=\"3264\" srcset=\"https:\/\/lider-clean-auto.fr\/wp-content\/uploads\/2019\/02\/IMG_0807_LI.jpg 2448w, https:\/\/lider-clean-auto.fr\/wp-content\/uploads\/2019\/02\/IMG_0807_LI-225x300.jpg 225w, https:\/\/lider-clean-auto.fr\/wp-content\/uploads\/2019\/02\/IMG_0807_LI-768x1024.jpg 768w\" sizes=\"(max-width: 2448px) 100vw, 2448px\" \/><img loading=\"lazy\" class=\"aligncenter  wp-image-413\" src=\"http:\/\/lider-clean-auto.fr\/wp-content\/uploads\/2018\/09\/mercedes.jpg\" alt=\"\" width=\"578\" height=\"770\" srcset=\"https:\/\/lider-clean-auto.fr\/wp-content\/uploads\/2018\/09\/mercedes.jpg 720w, https:\/\/lider-clean-auto.fr\/wp-content\/uploads\/2018\/09\/mercedes-225x300.jpg 225w\" sizes=\"(max-width: 578px) 100vw, 578px\" \/><\/p>\n<p><img loading=\"lazy\" class=\"aligncenter  wp-image-414\" src=\"http:\/\/lider-clean-auto.fr\/wp-content\/uploads\/2018\/09\/IMG_E0068.jpg\" alt=\"\" width=\"545\" height=\"727\" srcset=\"https:\/\/lider-clean-auto.fr\/wp-content\/uploads\/2018\/09\/IMG_E0068.jpg 1575w, https:\/\/lider-clean-auto.fr\/wp-content\/uploads\/2018\/09\/IMG_E0068-225x300.jpg 225w, https:\/\/lider-clean-auto.fr\/wp-content\/uploads\/2018\/09\/IMG_E0068-768x1024.jpg 768w\" sizes=\"(max-width: 545px) 100vw, 545px\" \/><\/p>\n<p>\u00a0<\/p>\n<center><span style=\"font-family: arial, helvetica, sans-serif; font-size: 24pt; color: #000000;\"><strong>Nouveau ! Protection Carrosserie Ceramique\u00a0<\/strong><\/span><\/center><center><\/center><center><iframe loading=\"lazy\" src=\"https:\/\/www.youtube.com\/embed\/_w0gvNFLqPY\" width=\"560\" height=\"315\" frameborder=\"0\" allowfullscreen=\"allowfullscreen\"><\/iframe><\/center>\n<p>\u00a0<\/p>\n<p style=\"text-align: left;\"><strong>La protection Carrosserie C\u00e9ramique consiste \u00e0 traiter une surface peinte pour la prot\u00e9ger contre:<\/strong><\/p>\n<p style=\"text-align: left;\"><em>&#8211; Les intemp\u00e9ries :neiges,glace,sel,pluies acides<\/em><br \/><em> &#8211; Les rayons ultraviolets,la d\u00e9coloration,l oxydation<\/em><br \/><em> &#8211; Les d\u00e9g\u00e2ts des fientes d oiseaux,des moustiques&#8230;<\/em><br \/><em> &#8211; De la perte de brillance,des agressions ext\u00e9rieurs(frottement manuel sur la carrosserie,qui cr\u00e9es des micros rayures&#8230;)<\/em><\/p>\n<p style=\"text-align: left;\">Il s&rsquo;agit d une couche de verre 9H incolore compos\u00e9e de dioxyde de silicium SIO2,super souple et hyper r\u00e9sistante.<br \/>Les propri\u00e9t\u00e9s de la Protection C\u00e9ramique apportent un effet hydrophobe et ol\u00e9ophobe,d une durabilit\u00e9 minimum de 2 ans (2 a 5 ans,voir plus)qui garantit une brillance et une profondeur exceptionnelle,un nettoyage tr\u00e8s facile et plus rapide.<br \/>La protection C\u00e9ramique NANO 9H rend donc les surfaces extr\u00eamement r\u00e9sistantes en formant un film de verre totalement invisible en durcissant.<br \/>C&rsquo;est ce qui permet de rendre la surface glissante et donc non adh\u00e9rente aux salet\u00e9s. Les salissures ne peuvent donc plus s accrocher sur cette nouvelle surface lisse et hydrofuge.<br \/>En plus de cette propri\u00e9t\u00e9,il apporte au vernis une duret\u00e9 de 9H,qui permet de r\u00e9duire le risque de micro rayures<\/p>\n<p style=\"text-align: left;\">En compl\u00e9ment, nous vous proposons \u00e9galement un kit de protection c\u00e9ramique anti pluie.<\/p>\n<p style=\"text-align: center;\"><span style=\"font-size: 14pt;\"><strong>A partir de 399 euros !<\/strong><\/span><\/p>","protected":false},"excerpt":{"rendered":"<p>\u00a0 Nouveau ! Protection Carrosserie Ceramique\u00a0 \u00a0 La protection Carrosserie C\u00e9ramique consiste \u00e0 traiter une surface peinte pour la prot\u00e9ger contre: &#8211; Les intemp\u00e9ries :neiges,glace,sel,pluies acides &#8211; Les rayons ultraviolets,la &#8230;<\/p>\n","protected":false},"author":1,"featured_media":0,"parent":0,"menu_order":1,"comment_status":"closed","ping_status":"closed","template":"","meta":[],"_links":{"self":[{"href":"https:\/\/lider-clean-auto.fr\/index.php\/wp-json\/wp\/v2\/pages\/374"}],"collection":[{"href":"https:\/\/lider-clean-auto.fr\/index.php\/wp-json\/wp\/v2\/pages"}],"about":[{"href":"https:\/\/lider-clean-auto.fr\/index.php\/wp-json\/wp\/v2\/types\/page"}],"author":[{"embeddable":true,"href":"https:\/\/lider-clean-auto.fr\/index.php\/wp-json\/wp\/v2\/users\/1"}],"replies":[{"embeddable":true,"href":"https:\/\/lider-clean-auto.fr\/index.php\/wp-json\/wp\/v2\/comments?post=374"}],"version-history":[{"count":21,"href":"https:\/\/lider-clean-auto.fr\/index.php\/wp-json\/wp\/v2\/pages\/374\/revisions"}],"predecessor-version":[{"id":521,"href":"https:\/\/lider-clean-auto.fr\/index.php\/wp-json\/wp\/v2\/pages\/374\/revisions\/521"}],"wp:attachment":[{"href":"https:\/\/lider-clean-auto.fr\/index.php\/wp-json\/wp\/v2\/media?parent=374"}],"curies":[{"name":"wp","href":"https:\/\/api.w.org\/{rel}","templated":true}]}}