{"id":22,"date":"2016-10-18T10:39:51","date_gmt":"2016-10-18T08:39:51","guid":{"rendered":"http:\/\/lider-clean-auto.fr\/?page_id=22"},"modified":"2017-10-19T11:50:30","modified_gmt":"2017-10-19T09:50:30","slug":"protection-carrosserie","status":"publish","type":"page","link":"https:\/\/lider-clean-auto.fr\/index.php\/protection-carrosserie\/","title":{"rendered":"Protection carrosserie"},"content":{"rendered":"<h2 style=\"text-align: center;\">Lider Clean Auto s&rsquo;occupe de\u00a0l\u2019entretien et du\u00a0traitement de votre carrosserie<\/h2>\n<div dir=\"ltr\"><\/div>\n<div id=\"yui_3_16_0_ym19_1_1476907763667_2513\" dir=\"ltr\">\n<p><img loading=\"lazy\" class=\"size-full wp-image-207 aligncenter\" src=\"http:\/\/lider-clean-auto.fr\/wp-content\/uploads\/2016\/10\/carrosserie1.jpg\" alt=\"carrosserie1\" width=\"568\" height=\"328\" srcset=\"https:\/\/lider-clean-auto.fr\/wp-content\/uploads\/2016\/10\/carrosserie1.jpg 568w, https:\/\/lider-clean-auto.fr\/wp-content\/uploads\/2016\/10\/carrosserie1-300x173.jpg 300w\" sizes=\"(max-width: 568px) 100vw, 568px\" \/><\/p>\n<p style=\"text-align: center;\"><strong><a href=\"http:\/\/lider-clean-auto.fr\/wp-content\/uploads\/2016\/10\/LIDER-CLEAN-AUTO-A-GLAZE.pdf\" target=\"_blank\" rel=\"noopener\">T\u00c9L\u00c9CHARGEZ notre plaquette :<\/a><\/strong><\/p>\n<p><a href=\"http:\/\/lider-clean-auto.fr\/wp-content\/uploads\/2016\/10\/LIDER-CLEAN-AUTO-A-GLAZE.pdf\" target=\"_blank\" rel=\"noopener\"><img loading=\"lazy\" class=\"wp-image-259 aligncenter\" src=\"http:\/\/lider-clean-auto.fr\/wp-content\/uploads\/2016\/10\/depliant-lca.png\" width=\"183\" height=\"183\" srcset=\"https:\/\/lider-clean-auto.fr\/wp-content\/uploads\/2016\/10\/depliant-lca.png 500w, https:\/\/lider-clean-auto.fr\/wp-content\/uploads\/2016\/10\/depliant-lca-150x150.png 150w, https:\/\/lider-clean-auto.fr\/wp-content\/uploads\/2016\/10\/depliant-lca-300x300.png 300w\" sizes=\"(max-width: 183px) 100vw, 183px\" \/><\/a><\/p>\n<p>Lire Clean Auto est un professionnel <strong>agr\u00e9\u00e9e A-Glaze France<\/strong> sp\u00e9cialis\u00e9 dans la protection de tous les types de surfaces peintes, carrosserie, gelcoats, plastiques, textiles et cuir.<\/p>\n<\/div>\n<div dir=\"ltr\">\n<p>La cire de protection A-Glaze est utilis\u00e9e dans de nombreux domaines tels que l&rsquo;automobile, l&rsquo;aviation, la marine et le loisir.<\/p>\n<\/div>\n<h3 style=\"text-align: left;\">Les avantages\u00a0:<\/h3>\n<ul>\n<li>Prot\u00e8ge contre les pluies acides,<\/li>\n<li>Prot\u00e8ge des rayons UV,<\/li>\n<li>Prot\u00e8ge contre la d\u00e9coloration,<\/li>\n<li>Prot\u00e8ge contre les retomb\u00e9es industrielles,<\/li>\n<li>Prot\u00e8ge contre la neige, la glace et le sel,<\/li>\n<li>Aide \u00e0 prot\u00e9ger contre les d\u00e9g\u00e2ts des fientes d&rsquo;oiseaux,<\/li>\n<li>Prot\u00e8ge et prolonge la vie de la peinture de votre v\u00e9hicule,<\/li>\n<li>Facilite le nettoyage,<\/li>\n<li>Assure un brillant de longue dur\u00e9e,<\/li>\n<li>Aucun contr\u00f4le ni op\u00e9ration de r\u00e9g\u00e9n\u00e9ration n\u00e9cessaire,<\/li>\n<li>Garantie 5 ans sur les v\u00e9hicules neufs\u00a0et 3 ans v\u00e9hicule d&rsquo;occasion.<\/li>\n<\/ul>\n<h3>=&gt; Tarif : \u00e0 partir de 279\u20ac<\/h3>\n<p><img loading=\"lazy\" class=\"aligncenter size-full wp-image-368\" src=\"http:\/\/lider-clean-auto.fr\/wp-content\/uploads\/2016\/10\/IMG_20170610_174014.jpg\" alt=\"\" width=\"4160\" height=\"2336\" srcset=\"https:\/\/lider-clean-auto.fr\/wp-content\/uploads\/2016\/10\/IMG_20170610_174014.jpg 4160w, https:\/\/lider-clean-auto.fr\/wp-content\/uploads\/2016\/10\/IMG_20170610_174014-300x168.jpg 300w, https:\/\/lider-clean-auto.fr\/wp-content\/uploads\/2016\/10\/IMG_20170610_174014-768x431.jpg 768w, https:\/\/lider-clean-auto.fr\/wp-content\/uploads\/2016\/10\/IMG_20170610_174014-1024x575.jpg 1024w\" sizes=\"(max-width: 4160px) 100vw, 4160px\" \/> <img loading=\"lazy\" class=\"aligncenter size-full wp-image-369\" src=\"http:\/\/lider-clean-auto.fr\/wp-content\/uploads\/2016\/10\/porsche2.jpg\" alt=\"\" width=\"538\" height=\"960\" srcset=\"https:\/\/lider-clean-auto.fr\/wp-content\/uploads\/2016\/10\/porsche2.jpg 538w, https:\/\/lider-clean-auto.fr\/wp-content\/uploads\/2016\/10\/porsche2-168x300.jpg 168w\" sizes=\"(max-width: 538px) 100vw, 538px\" \/> <img loading=\"lazy\" class=\"aligncenter size-full wp-image-370\" src=\"http:\/\/lider-clean-auto.fr\/wp-content\/uploads\/2016\/10\/IMG_20170214_132832.jpg\" alt=\"\" width=\"4160\" height=\"2336\" srcset=\"https:\/\/lider-clean-auto.fr\/wp-content\/uploads\/2016\/10\/IMG_20170214_132832.jpg 4160w, https:\/\/lider-clean-auto.fr\/wp-content\/uploads\/2016\/10\/IMG_20170214_132832-300x168.jpg 300w, https:\/\/lider-clean-auto.fr\/wp-content\/uploads\/2016\/10\/IMG_20170214_132832-768x431.jpg 768w, https:\/\/lider-clean-auto.fr\/wp-content\/uploads\/2016\/10\/IMG_20170214_132832-1024x575.jpg 1024w\" sizes=\"(max-width: 4160px) 100vw, 4160px\" \/><\/p>\n<hr \/>\n<h3><img loading=\"lazy\" class=\"aligncenter size-full wp-image-326\" src=\"http:\/\/lider-clean-auto.fr\/wp-content\/uploads\/2016\/10\/ONDH7662.jpg\" alt=\"ondh7662\" width=\"2048\" height=\"2048\" srcset=\"https:\/\/lider-clean-auto.fr\/wp-content\/uploads\/2016\/10\/ONDH7662.jpg 2048w, https:\/\/lider-clean-auto.fr\/wp-content\/uploads\/2016\/10\/ONDH7662-150x150.jpg 150w, https:\/\/lider-clean-auto.fr\/wp-content\/uploads\/2016\/10\/ONDH7662-300x300.jpg 300w, https:\/\/lider-clean-auto.fr\/wp-content\/uploads\/2016\/10\/ONDH7662-768x768.jpg 768w, https:\/\/lider-clean-auto.fr\/wp-content\/uploads\/2016\/10\/ONDH7662-1024x1024.jpg 1024w\" sizes=\"(max-width: 2048px) 100vw, 2048px\" \/>V\u00e9hicules prot\u00e9g\u00e9s par A-Glaze\u00a0:<\/h3>\n<p><img loading=\"lazy\" class=\"aligncenter wp-image-209\" src=\"http:\/\/lider-clean-auto.fr\/wp-content\/uploads\/2016\/10\/10246370_682147961831259_7922404825188352663_n.jpg\" alt=\"10246370_682147961831259_7922404825188352663_n\" width=\"712\" height=\"534\" srcset=\"https:\/\/lider-clean-auto.fr\/wp-content\/uploads\/2016\/10\/10246370_682147961831259_7922404825188352663_n.jpg 960w, https:\/\/lider-clean-auto.fr\/wp-content\/uploads\/2016\/10\/10246370_682147961831259_7922404825188352663_n-300x225.jpg 300w, https:\/\/lider-clean-auto.fr\/wp-content\/uploads\/2016\/10\/10246370_682147961831259_7922404825188352663_n-768x576.jpg 768w\" sizes=\"(max-width: 712px) 100vw, 712px\" \/><\/p>\n<p><img loading=\"lazy\" class=\"aligncenter size-full wp-image-210\" src=\"http:\/\/lider-clean-auto.fr\/wp-content\/uploads\/2016\/10\/Mini.jpg\" alt=\"mini\" width=\"712\" height=\"542\" srcset=\"https:\/\/lider-clean-auto.fr\/wp-content\/uploads\/2016\/10\/Mini.jpg 712w, https:\/\/lider-clean-auto.fr\/wp-content\/uploads\/2016\/10\/Mini-300x228.jpg 300w\" sizes=\"(max-width: 712px) 100vw, 712px\" \/><\/p>\n<p>&nbsp;<\/p>\n","protected":false},"excerpt":{"rendered":"<p>Lider Clean Auto s&rsquo;occupe de\u00a0l\u2019entretien et du\u00a0traitement de votre carrosserie T\u00c9L\u00c9CHARGEZ notre plaquette : Lire Clean Auto est un professionnel agr\u00e9\u00e9e A-Glaze France sp\u00e9cialis\u00e9 dans la protection de tous les &#8230;<\/p>\n","protected":false},"author":1,"featured_media":0,"parent":0,"menu_order":0,"comment_status":"closed","ping_status":"closed","template":"","meta":[],"_links":{"self":[{"href":"https:\/\/lider-clean-auto.fr\/index.php\/wp-json\/wp\/v2\/pages\/22"}],"collection":[{"href":"https:\/\/lider-clean-auto.fr\/index.php\/wp-json\/wp\/v2\/pages"}],"about":[{"href":"https:\/\/lider-clean-auto.fr\/index.php\/wp-json\/wp\/v2\/types\/page"}],"author":[{"embeddable":true,"href":"https:\/\/lider-clean-auto.fr\/index.php\/wp-json\/wp\/v2\/users\/1"}],"replies":[{"embeddable":true,"href":"https:\/\/lider-clean-auto.fr\/index.php\/wp-json\/wp\/v2\/comments?post=22"}],"version-history":[{"count":26,"href":"https:\/\/lider-clean-auto.fr\/index.php\/wp-json\/wp\/v2\/pages\/22\/revisions"}],"predecessor-version":[{"id":371,"href":"https:\/\/lider-clean-auto.fr\/index.php\/wp-json\/wp\/v2\/pages\/22\/revisions\/371"}],"wp:attachment":[{"href":"https:\/\/lider-clean-auto.fr\/index.php\/wp-json\/wp\/v2\/media?parent=22"}],"curies":[{"name":"wp","href":"https:\/\/api.w.org\/{rel}","templated":true}]}}