{"id":18,"date":"2016-10-18T10:39:21","date_gmt":"2016-10-18T08:39:21","guid":{"rendered":"http:\/\/lider-clean-auto.fr\/?page_id=18"},"modified":"2019-03-11T14:17:11","modified_gmt":"2019-03-11T13:17:11","slug":"vitrage-teinte","status":"publish","type":"page","link":"https:\/\/lider-clean-auto.fr\/index.php\/vitrage-teinte\/","title":{"rendered":"Vitrage teint\u00e9 pose et d\u00e9pose conforme a la loi de 2017"},"content":{"rendered":"<figure style=\"width: 3264px\" class=\"wp-caption alignnone\"><img loading=\"lazy\" class=\"aligncenter size-full wp-image-308\" src=\"http:\/\/lider-clean-auto.fr\/wp-content\/uploads\/2016\/10\/IMG_0533.jpg\" alt=\"dacia\" width=\"3264\" height=\"2448\" srcset=\"https:\/\/lider-clean-auto.fr\/wp-content\/uploads\/2016\/10\/IMG_0533.jpg 3264w, https:\/\/lider-clean-auto.fr\/wp-content\/uploads\/2016\/10\/IMG_0533-300x225.jpg 300w, https:\/\/lider-clean-auto.fr\/wp-content\/uploads\/2016\/10\/IMG_0533-768x576.jpg 768w, https:\/\/lider-clean-auto.fr\/wp-content\/uploads\/2016\/10\/IMG_0533-1024x768.jpg 1024w\" sizes=\"(max-width: 3264px) 100vw, 3264px\" \/><figcaption class=\"wp-caption-text\"><img loading=\"lazy\" class=\"aligncenter size-full wp-image-309\" src=\"http:\/\/lider-clean-auto.fr\/wp-content\/uploads\/2016\/10\/IMG_0532.jpg\" alt=\"img_0532\" width=\"3264\" height=\"2448\" srcset=\"https:\/\/lider-clean-auto.fr\/wp-content\/uploads\/2016\/10\/IMG_0532.jpg 3264w, https:\/\/lider-clean-auto.fr\/wp-content\/uploads\/2016\/10\/IMG_0532-300x225.jpg 300w, https:\/\/lider-clean-auto.fr\/wp-content\/uploads\/2016\/10\/IMG_0532-768x576.jpg 768w, https:\/\/lider-clean-auto.fr\/wp-content\/uploads\/2016\/10\/IMG_0532-1024x768.jpg 1024w\" sizes=\"(max-width: 3264px) 100vw, 3264px\" \/><img loading=\"lazy\" class=\"aligncenter size-full wp-image-310\" src=\"http:\/\/lider-clean-auto.fr\/wp-content\/uploads\/2016\/10\/IMG_0540.jpg\" alt=\"img_0540\" width=\"3264\" height=\"2448\" srcset=\"https:\/\/lider-clean-auto.fr\/wp-content\/uploads\/2016\/10\/IMG_0540.jpg 3264w, https:\/\/lider-clean-auto.fr\/wp-content\/uploads\/2016\/10\/IMG_0540-300x225.jpg 300w, https:\/\/lider-clean-auto.fr\/wp-content\/uploads\/2016\/10\/IMG_0540-768x576.jpg 768w, https:\/\/lider-clean-auto.fr\/wp-content\/uploads\/2016\/10\/IMG_0540-1024x768.jpg 1024w\" sizes=\"(max-width: 3264px) 100vw, 3264px\" \/>Stylisez et s\u00e9curisez votre v\u00e9hicule !<br \/>dacia arri\u00e8re 25 pour cent<\/figcaption><\/figure>\n<p><img loading=\"lazy\" class=\"aligncenter size-full wp-image-305\" src=\"http:\/\/lider-clean-auto.fr\/wp-content\/uploads\/2016\/10\/IMG_0512.jpg\" alt=\"\" width=\"2448\" height=\"2448\" srcset=\"https:\/\/lider-clean-auto.fr\/wp-content\/uploads\/2016\/10\/IMG_0512.jpg 2448w, https:\/\/lider-clean-auto.fr\/wp-content\/uploads\/2016\/10\/IMG_0512-150x150.jpg 150w, https:\/\/lider-clean-auto.fr\/wp-content\/uploads\/2016\/10\/IMG_0512-300x300.jpg 300w, https:\/\/lider-clean-auto.fr\/wp-content\/uploads\/2016\/10\/IMG_0512-768x768.jpg 768w, https:\/\/lider-clean-auto.fr\/wp-content\/uploads\/2016\/10\/IMG_0512-1024x1024.jpg 1024w\" sizes=\"(max-width: 2448px) 100vw, 2448px\" \/><img loading=\"lazy\" class=\"aligncenter size-full wp-image-461\" src=\"http:\/\/lider-clean-auto.fr\/wp-content\/uploads\/2019\/02\/46065731_548635315598815_4907257464350572544_n.jpg\" alt=\"\" width=\"960\" height=\"720\" srcset=\"https:\/\/lider-clean-auto.fr\/wp-content\/uploads\/2019\/02\/46065731_548635315598815_4907257464350572544_n.jpg 960w, https:\/\/lider-clean-auto.fr\/wp-content\/uploads\/2019\/02\/46065731_548635315598815_4907257464350572544_n-300x225.jpg 300w, https:\/\/lider-clean-auto.fr\/wp-content\/uploads\/2019\/02\/46065731_548635315598815_4907257464350572544_n-768x576.jpg 768w\" sizes=\"(max-width: 960px) 100vw, 960px\" \/><\/p>\n<h2 style=\"text-align: center;\"><img loading=\"lazy\" class=\"alignnone size-full wp-image-153\" src=\"http:\/\/lider-clean-auto.fr\/wp-content\/uploads\/2016\/10\/lider-clean-auto-vitre-teintee-2.jpg\" alt=\"lider-clean-auto-vitre-teintee-2\" width=\"478\" height=\"252\" srcset=\"https:\/\/lider-clean-auto.fr\/wp-content\/uploads\/2016\/10\/lider-clean-auto-vitre-teintee-2.jpg 478w, https:\/\/lider-clean-auto.fr\/wp-content\/uploads\/2016\/10\/lider-clean-auto-vitre-teintee-2-300x158.jpg 300w\" sizes=\"(max-width: 478px) 100vw, 478px\" \/><\/h2>\n<h3 style=\"text-align: left;\">Les avantages :<\/h3>\n<ul>\n<li style=\"list-style-type: none;\">\n<ul>\n<li style=\"text-align: left;\">\u00c9viter les regards indiscrets vers l\u2019int\u00e9rieur du v\u00e9hicule,<\/li>\n<\/ul>\n<\/li>\n<\/ul>\n<ul>\n<li style=\"list-style-type: none;\">\n<ul>\n<li style=\"text-align: left;\">Dissimuler le mat\u00e9riel \u00e0 l\u2019int\u00e9rieur des v\u00e9hicules utilitaires<\/li>\n<\/ul>\n<\/li>\n<\/ul>\n<ul>\n<li style=\"list-style-type: none;\">\n<ul>\n<li style=\"text-align: left;\">Protection anti UV<\/li>\n<\/ul>\n<\/li>\n<\/ul>\n<ul>\n<li style=\"list-style-type: none;\">\n<ul>\n<li style=\"text-align: left;\">Anti-carjacking : permet de retarder\u00a0et dissuader\u00a0l\u2019intrusion<\/li>\n<\/ul>\n<\/li>\n<\/ul>\n<ul>\n<li style=\"text-align: left;\">Augmenter la r\u00e9sistance de la vitre en cas de choc violent.<\/li>\n<\/ul>\n<p><img loading=\"lazy\" class=\"aligncenter wp-image-288 size-full\" src=\"http:\/\/lider-clean-auto.fr\/wp-content\/uploads\/2016\/10\/lider-clean-auto-vitre-teintee-3.png\" width=\"310\" height=\"296\" srcset=\"https:\/\/lider-clean-auto.fr\/wp-content\/uploads\/2016\/10\/lider-clean-auto-vitre-teintee-3.png 310w, https:\/\/lider-clean-auto.fr\/wp-content\/uploads\/2016\/10\/lider-clean-auto-vitre-teintee-3-300x286.png 300w\" sizes=\"(max-width: 310px) 100vw, 310px\" \/><\/p>\n<h3 style=\"text-align: left;\">Nos r\u00e9alisations :<img loading=\"lazy\" class=\"aligncenter size-full wp-image-306\" src=\"http:\/\/lider-clean-auto.fr\/wp-content\/uploads\/2016\/10\/IMG_0511.jpg\" alt=\"img_0511\" width=\"2448\" height=\"2448\" srcset=\"https:\/\/lider-clean-auto.fr\/wp-content\/uploads\/2016\/10\/IMG_0511.jpg 2448w, https:\/\/lider-clean-auto.fr\/wp-content\/uploads\/2016\/10\/IMG_0511-150x150.jpg 150w, https:\/\/lider-clean-auto.fr\/wp-content\/uploads\/2016\/10\/IMG_0511-300x300.jpg 300w, https:\/\/lider-clean-auto.fr\/wp-content\/uploads\/2016\/10\/IMG_0511-768x768.jpg 768w, https:\/\/lider-clean-auto.fr\/wp-content\/uploads\/2016\/10\/IMG_0511-1024x1024.jpg 1024w\" sizes=\"(max-width: 2448px) 100vw, 2448px\" \/><img loading=\"lazy\" class=\"aligncenter size-full wp-image-305\" src=\"http:\/\/lider-clean-auto.fr\/wp-content\/uploads\/2016\/10\/IMG_0512.jpg\" alt=\"img_0512\" width=\"2448\" height=\"2448\" srcset=\"https:\/\/lider-clean-auto.fr\/wp-content\/uploads\/2016\/10\/IMG_0512.jpg 2448w, https:\/\/lider-clean-auto.fr\/wp-content\/uploads\/2016\/10\/IMG_0512-150x150.jpg 150w, https:\/\/lider-clean-auto.fr\/wp-content\/uploads\/2016\/10\/IMG_0512-300x300.jpg 300w, https:\/\/lider-clean-auto.fr\/wp-content\/uploads\/2016\/10\/IMG_0512-768x768.jpg 768w, https:\/\/lider-clean-auto.fr\/wp-content\/uploads\/2016\/10\/IMG_0512-1024x1024.jpg 1024w\" sizes=\"(max-width: 2448px) 100vw, 2448px\" \/><\/h3>\n<p><img loading=\"lazy\" class=\"aligncenter size-full wp-image-320\" src=\"http:\/\/lider-clean-auto.fr\/wp-content\/uploads\/2016\/10\/IMG_0553.jpg\" alt=\"img_0553\" width=\"3264\" height=\"2448\" srcset=\"https:\/\/lider-clean-auto.fr\/wp-content\/uploads\/2016\/10\/IMG_0553.jpg 3264w, https:\/\/lider-clean-auto.fr\/wp-content\/uploads\/2016\/10\/IMG_0553-300x225.jpg 300w, https:\/\/lider-clean-auto.fr\/wp-content\/uploads\/2016\/10\/IMG_0553-768x576.jpg 768w, https:\/\/lider-clean-auto.fr\/wp-content\/uploads\/2016\/10\/IMG_0553-1024x768.jpg 1024w\" sizes=\"(max-width: 3264px) 100vw, 3264px\" \/><img loading=\"lazy\" class=\"aligncenter size-full wp-image-321\" src=\"http:\/\/lider-clean-auto.fr\/wp-content\/uploads\/2016\/10\/IMG_0552.jpg\" alt=\"img_0552\" width=\"3264\" height=\"2448\" srcset=\"https:\/\/lider-clean-auto.fr\/wp-content\/uploads\/2016\/10\/IMG_0552.jpg 3264w, https:\/\/lider-clean-auto.fr\/wp-content\/uploads\/2016\/10\/IMG_0552-300x225.jpg 300w, https:\/\/lider-clean-auto.fr\/wp-content\/uploads\/2016\/10\/IMG_0552-768x576.jpg 768w, https:\/\/lider-clean-auto.fr\/wp-content\/uploads\/2016\/10\/IMG_0552-1024x768.jpg 1024w\" sizes=\"(max-width: 3264px) 100vw, 3264px\" \/><img loading=\"lazy\" class=\"aligncenter size-full wp-image-317\" src=\"http:\/\/lider-clean-auto.fr\/wp-content\/uploads\/2016\/10\/IMG_0534.jpg\" alt=\"img_0534\" width=\"3264\" height=\"2448\" srcset=\"https:\/\/lider-clean-auto.fr\/wp-content\/uploads\/2016\/10\/IMG_0534.jpg 3264w, https:\/\/lider-clean-auto.fr\/wp-content\/uploads\/2016\/10\/IMG_0534-300x225.jpg 300w, https:\/\/lider-clean-auto.fr\/wp-content\/uploads\/2016\/10\/IMG_0534-768x576.jpg 768w, https:\/\/lider-clean-auto.fr\/wp-content\/uploads\/2016\/10\/IMG_0534-1024x768.jpg 1024w\" sizes=\"(max-width: 3264px) 100vw, 3264px\" \/><img loading=\"lazy\" class=\"aligncenter size-full wp-image-318\" src=\"http:\/\/lider-clean-auto.fr\/wp-content\/uploads\/2016\/10\/IMG_0537.jpg\" alt=\"img_0537\" width=\"3264\" height=\"2448\" srcset=\"https:\/\/lider-clean-auto.fr\/wp-content\/uploads\/2016\/10\/IMG_0537.jpg 3264w, https:\/\/lider-clean-auto.fr\/wp-content\/uploads\/2016\/10\/IMG_0537-300x225.jpg 300w, https:\/\/lider-clean-auto.fr\/wp-content\/uploads\/2016\/10\/IMG_0537-768x576.jpg 768w, https:\/\/lider-clean-auto.fr\/wp-content\/uploads\/2016\/10\/IMG_0537-1024x768.jpg 1024w\" sizes=\"(max-width: 3264px) 100vw, 3264px\" \/><img loading=\"lazy\" class=\"size-full wp-image-151 aligncenter\" src=\"http:\/\/lider-clean-auto.fr\/wp-content\/uploads\/2016\/10\/lider-clean-auto-vitre-teintee.jpg\" alt=\"lider-clean-auto-vitre-teintee\" width=\"800\" height=\"800\" srcset=\"https:\/\/lider-clean-auto.fr\/wp-content\/uploads\/2016\/10\/lider-clean-auto-vitre-teintee.jpg 800w, https:\/\/lider-clean-auto.fr\/wp-content\/uploads\/2016\/10\/lider-clean-auto-vitre-teintee-150x150.jpg 150w, https:\/\/lider-clean-auto.fr\/wp-content\/uploads\/2016\/10\/lider-clean-auto-vitre-teintee-300x300.jpg 300w, https:\/\/lider-clean-auto.fr\/wp-content\/uploads\/2016\/10\/lider-clean-auto-vitre-teintee-768x768.jpg 768w\" sizes=\"(max-width: 800px) 100vw, 800px\" \/>D\u00e9pose des vitres avants pour \u00eatre en conformit\u00e9s avec la loi de janvier 2017 au prix de 59 euros<\/p>\n","protected":false},"excerpt":{"rendered":"<p>Les avantages : \u00c9viter les regards indiscrets vers l\u2019int\u00e9rieur du v\u00e9hicule, Dissimuler le mat\u00e9riel \u00e0 l\u2019int\u00e9rieur des v\u00e9hicules utilitaires Protection anti UV Anti-carjacking : permet de retarder\u00a0et dissuader\u00a0l\u2019intrusion Augmenter la &#8230;<\/p>\n","protected":false},"author":1,"featured_media":0,"parent":0,"menu_order":0,"comment_status":"closed","ping_status":"closed","template":"","meta":[],"_links":{"self":[{"href":"https:\/\/lider-clean-auto.fr\/index.php\/wp-json\/wp\/v2\/pages\/18"}],"collection":[{"href":"https:\/\/lider-clean-auto.fr\/index.php\/wp-json\/wp\/v2\/pages"}],"about":[{"href":"https:\/\/lider-clean-auto.fr\/index.php\/wp-json\/wp\/v2\/types\/page"}],"author":[{"embeddable":true,"href":"https:\/\/lider-clean-auto.fr\/index.php\/wp-json\/wp\/v2\/users\/1"}],"replies":[{"embeddable":true,"href":"https:\/\/lider-clean-auto.fr\/index.php\/wp-json\/wp\/v2\/comments?post=18"}],"version-history":[{"count":18,"href":"https:\/\/lider-clean-auto.fr\/index.php\/wp-json\/wp\/v2\/pages\/18\/revisions"}],"predecessor-version":[{"id":485,"href":"https:\/\/lider-clean-auto.fr\/index.php\/wp-json\/wp\/v2\/pages\/18\/revisions\/485"}],"wp:attachment":[{"href":"https:\/\/lider-clean-auto.fr\/index.php\/wp-json\/wp\/v2\/media?parent=18"}],"curies":[{"name":"wp","href":"https:\/\/api.w.org\/{rel}","templated":true}]}}