{"id":16,"date":"2016-10-18T10:39:11","date_gmt":"2016-10-18T08:39:11","guid":{"rendered":"http:\/\/lider-clean-auto.fr\/?page_id=16"},"modified":"2018-09-25T13:50:51","modified_gmt":"2018-09-25T11:50:51","slug":"covering","status":"publish","type":"page","link":"https:\/\/lider-clean-auto.fr\/index.php\/covering\/","title":{"rendered":"Covering"},"content":{"rendered":"<p><img loading=\"lazy\" src=\"http:\/\/lider-clean-auto.fr\/wp-content\/uploads\/2018\/09\/IMG_0284.jpg\" alt=\"\" width=\"2448\" height=\"3264\" class=\"aligncenter size-full wp-image-431\" srcset=\"https:\/\/lider-clean-auto.fr\/wp-content\/uploads\/2018\/09\/IMG_0284.jpg 2448w, https:\/\/lider-clean-auto.fr\/wp-content\/uploads\/2018\/09\/IMG_0284-225x300.jpg 225w, https:\/\/lider-clean-auto.fr\/wp-content\/uploads\/2018\/09\/IMG_0284-768x1024.jpg 768w\" sizes=\"(max-width: 2448px) 100vw, 2448px\" \/><\/p>\n<p><img loading=\"lazy\" src=\"http:\/\/lider-clean-auto.fr\/wp-content\/uploads\/2018\/09\/IMG_0285.jpg\" alt=\"\" width=\"2448\" height=\"3264\" class=\"aligncenter size-full wp-image-432\" srcset=\"https:\/\/lider-clean-auto.fr\/wp-content\/uploads\/2018\/09\/IMG_0285.jpg 2448w, https:\/\/lider-clean-auto.fr\/wp-content\/uploads\/2018\/09\/IMG_0285-225x300.jpg 225w, https:\/\/lider-clean-auto.fr\/wp-content\/uploads\/2018\/09\/IMG_0285-768x1024.jpg 768w\" sizes=\"(max-width: 2448px) 100vw, 2448px\" \/><\/p>\n<p><img loading=\"lazy\" src=\"http:\/\/lider-clean-auto.fr\/wp-content\/uploads\/2018\/09\/IMG_0286.jpg\" alt=\"\" width=\"2448\" height=\"3264\" class=\"aligncenter size-full wp-image-433\" srcset=\"https:\/\/lider-clean-auto.fr\/wp-content\/uploads\/2018\/09\/IMG_0286.jpg 2448w, https:\/\/lider-clean-auto.fr\/wp-content\/uploads\/2018\/09\/IMG_0286-225x300.jpg 225w, https:\/\/lider-clean-auto.fr\/wp-content\/uploads\/2018\/09\/IMG_0286-768x1024.jpg 768w\" sizes=\"(max-width: 2448px) 100vw, 2448px\" \/><\/p>\n<p><img loading=\"lazy\" src=\"http:\/\/lider-clean-auto.fr\/wp-content\/uploads\/2018\/09\/IMG_0287.jpg\" alt=\"\" width=\"2448\" height=\"3264\" class=\"aligncenter size-full wp-image-434\" srcset=\"https:\/\/lider-clean-auto.fr\/wp-content\/uploads\/2018\/09\/IMG_0287.jpg 2448w, https:\/\/lider-clean-auto.fr\/wp-content\/uploads\/2018\/09\/IMG_0287-225x300.jpg 225w, https:\/\/lider-clean-auto.fr\/wp-content\/uploads\/2018\/09\/IMG_0287-768x1024.jpg 768w\" sizes=\"(max-width: 2448px) 100vw, 2448px\" \/><\/p>\n<p><img loading=\"lazy\" src=\"http:\/\/lider-clean-auto.fr\/wp-content\/uploads\/2018\/09\/IMG_0290.jpg\" alt=\"\" width=\"2448\" height=\"3264\" class=\"aligncenter size-full wp-image-435\" srcset=\"https:\/\/lider-clean-auto.fr\/wp-content\/uploads\/2018\/09\/IMG_0290.jpg 2448w, https:\/\/lider-clean-auto.fr\/wp-content\/uploads\/2018\/09\/IMG_0290-225x300.jpg 225w, https:\/\/lider-clean-auto.fr\/wp-content\/uploads\/2018\/09\/IMG_0290-768x1024.jpg 768w\" sizes=\"(max-width: 2448px) 100vw, 2448px\" \/><\/p>\n<p><img loading=\"lazy\" src=\"http:\/\/lider-clean-auto.fr\/wp-content\/uploads\/2018\/09\/IMG_0296.jpg\" alt=\"\" width=\"2448\" height=\"3264\" class=\"aligncenter size-full wp-image-436\" srcset=\"https:\/\/lider-clean-auto.fr\/wp-content\/uploads\/2018\/09\/IMG_0296.jpg 2448w, https:\/\/lider-clean-auto.fr\/wp-content\/uploads\/2018\/09\/IMG_0296-225x300.jpg 225w, https:\/\/lider-clean-auto.fr\/wp-content\/uploads\/2018\/09\/IMG_0296-768x1024.jpg 768w\" sizes=\"(max-width: 2448px) 100vw, 2448px\" \/><\/p>\n<p><img loading=\"lazy\" src=\"http:\/\/lider-clean-auto.fr\/wp-content\/uploads\/2018\/09\/IMG_0298.jpg\" alt=\"\" width=\"2448\" height=\"3264\" class=\"aligncenter size-full wp-image-437\" srcset=\"https:\/\/lider-clean-auto.fr\/wp-content\/uploads\/2018\/09\/IMG_0298.jpg 2448w, https:\/\/lider-clean-auto.fr\/wp-content\/uploads\/2018\/09\/IMG_0298-225x300.jpg 225w, https:\/\/lider-clean-auto.fr\/wp-content\/uploads\/2018\/09\/IMG_0298-768x1024.jpg 768w\" sizes=\"(max-width: 2448px) 100vw, 2448px\" \/><\/p>\n<p><img loading=\"lazy\" src=\"http:\/\/lider-clean-auto.fr\/wp-content\/uploads\/2018\/09\/IMG_0303.jpg\" alt=\"\" width=\"2448\" height=\"3264\" class=\"aligncenter size-full wp-image-438\" srcset=\"https:\/\/lider-clean-auto.fr\/wp-content\/uploads\/2018\/09\/IMG_0303.jpg 2448w, https:\/\/lider-clean-auto.fr\/wp-content\/uploads\/2018\/09\/IMG_0303-225x300.jpg 225w, https:\/\/lider-clean-auto.fr\/wp-content\/uploads\/2018\/09\/IMG_0303-768x1024.jpg 768w\" sizes=\"(max-width: 2448px) 100vw, 2448px\" \/><\/p>\n<p><img loading=\"lazy\" src=\"http:\/\/lider-clean-auto.fr\/wp-content\/uploads\/2018\/09\/IMG_0306.jpg\" alt=\"\" width=\"2448\" height=\"3264\" class=\"aligncenter size-full wp-image-439\" srcset=\"https:\/\/lider-clean-auto.fr\/wp-content\/uploads\/2018\/09\/IMG_0306.jpg 2448w, https:\/\/lider-clean-auto.fr\/wp-content\/uploads\/2018\/09\/IMG_0306-225x300.jpg 225w, https:\/\/lider-clean-auto.fr\/wp-content\/uploads\/2018\/09\/IMG_0306-768x1024.jpg 768w\" sizes=\"(max-width: 2448px) 100vw, 2448px\" \/><\/p>\n<p><img loading=\"lazy\" src=\"http:\/\/lider-clean-auto.fr\/wp-content\/uploads\/2018\/09\/audi-2.jpg\" alt=\"\" width=\"640\" height=\"480\" class=\"aligncenter size-full wp-image-440\" srcset=\"https:\/\/lider-clean-auto.fr\/wp-content\/uploads\/2018\/09\/audi-2.jpg 640w, https:\/\/lider-clean-auto.fr\/wp-content\/uploads\/2018\/09\/audi-2-300x225.jpg 300w\" sizes=\"(max-width: 640px) 100vw, 640px\" \/><\/p>\n<p><img loading=\"lazy\" src=\"http:\/\/lider-clean-auto.fr\/wp-content\/uploads\/2018\/09\/audi-55.jpg\" alt=\"\" width=\"480\" height=\"640\" class=\"aligncenter size-full wp-image-441\" srcset=\"https:\/\/lider-clean-auto.fr\/wp-content\/uploads\/2018\/09\/audi-55.jpg 480w, https:\/\/lider-clean-auto.fr\/wp-content\/uploads\/2018\/09\/audi-55-225x300.jpg 225w\" sizes=\"(max-width: 480px) 100vw, 480px\" \/><\/p>\n<p><img loading=\"lazy\" src=\"http:\/\/lider-clean-auto.fr\/wp-content\/uploads\/2018\/09\/audi-66.jpg\" alt=\"\" width=\"480\" height=\"640\" class=\"aligncenter size-full wp-image-442\" srcset=\"https:\/\/lider-clean-auto.fr\/wp-content\/uploads\/2018\/09\/audi-66.jpg 480w, https:\/\/lider-clean-auto.fr\/wp-content\/uploads\/2018\/09\/audi-66-225x300.jpg 225w\" sizes=\"(max-width: 480px) 100vw, 480px\" \/><\/p>\n<h2 style=\"text-align: center;\">Confiez le covering de votre v\u00e9hicule<br \/>\n\u00e0 Lider Clean Auto !<\/h2>\n<p><img loading=\"lazy\" class=\"alignnone size-full wp-image-73\" src=\"http:\/\/lider-clean-auto.fr\/wp-content\/uploads\/2016\/10\/lider-clean-auto-covering-1.jpg\" alt=\"lider-clean-auto-covering-1\" width=\"822\" height=\"298\" srcset=\"https:\/\/lider-clean-auto.fr\/wp-content\/uploads\/2016\/10\/lider-clean-auto-covering-1.jpg 822w, https:\/\/lider-clean-auto.fr\/wp-content\/uploads\/2016\/10\/lider-clean-auto-covering-1-300x109.jpg 300w, https:\/\/lider-clean-auto.fr\/wp-content\/uploads\/2016\/10\/lider-clean-auto-covering-1-768x278.jpg 768w\" sizes=\"(max-width: 822px) 100vw, 822px\" \/><\/p>\n<p>Le\u00a0<strong>covering ou wrapping\u00a0<\/strong>est une pr\u00e9paration automobile ayant pour objectif d&rsquo;appliquer un\u00a0<strong>vinyle adh\u00e9sif<\/strong>\u00a0de d\u00e9coration ou de protection sur une partie ou l&rsquo;ensemble de la carrosserie d&rsquo;un v\u00e9hicule (en\u00a0<strong>covering partiel ou total covering)<\/strong>.<br \/>\nLe covering auto est g\u00e9n\u00e9ralement utilis\u00e9e dans le cadre d\u2019une customisation personnel de votre v\u00e9hicule, auto, moto ou autre, mais \u00e9galement pour les professionnels afin de communiquer sur une activit\u00e9 commerciale (publicit\u00e9, campagne promotionnelle, etc\u2026).<\/p>\n<p>&nbsp;<\/p>\n<h3 style=\"text-align: left;\">Les avantages :<strong>\u00a0<\/strong><\/h3>\n<ul>\n<li>Changer la couleur de votre v\u00e9hicule \u00e0 moindre co\u00fbt,\u00a0partiellement ou compl\u00e8tement,<\/li>\n<li>Changer de mati\u00e8re (mat, velours, crocodile, cuir, etc&#8230;),sans changer la carte grise<\/li>\n<li>Prot\u00e9ger votre v\u00e9hicule des micros rayures ou encore des impacts mineur (cependant l\u2019<strong>\u00e9paisseur du vinyle adh\u00e9sif a ses limites<\/strong>, ce qui, par cons\u00e9quent, n\u2019\u00e9vitera pas les grosses rayures comme des cl\u00e9s, portes, etc\u2026)<\/li>\n<li>Floquer la\u00a0publicit\u00e9 de votre entreprise ou une promotion sur la carrosserie ou sur les vitres,<\/li>\n<li>Racer votre v\u00e9hicule sur des parties sp\u00e9cifiques tel que le toit, le capot, les r\u00e9troviseurs, etc&#8230;<\/li>\n<\/ul>\n<h3><\/h3>\n<h3>Nos\u00a0r\u00e9alisations\u00a0:<\/h3>\n<p><img loading=\"lazy\" class=\"alignnone size-full wp-image-77\" src=\"http:\/\/lider-clean-auto.fr\/wp-content\/uploads\/2016\/10\/lider-clean-auto-covering.jpg\" alt=\"lider-clean-auto-covering\" width=\"822\" height=\"907\" srcset=\"https:\/\/lider-clean-auto.fr\/wp-content\/uploads\/2016\/10\/lider-clean-auto-covering.jpg 822w, https:\/\/lider-clean-auto.fr\/wp-content\/uploads\/2016\/10\/lider-clean-auto-covering-272x300.jpg 272w, https:\/\/lider-clean-auto.fr\/wp-content\/uploads\/2016\/10\/lider-clean-auto-covering-768x847.jpg 768w\" sizes=\"(max-width: 822px) 100vw, 822px\" \/><\/p>\n<p><img loading=\"lazy\" class=\"aligncenter size-full wp-image-331\" src=\"http:\/\/lider-clean-auto.fr\/wp-content\/uploads\/2016\/10\/OMGM8466.jpg\" alt=\"omgm8466\" width=\"2048\" height=\"2048\" srcset=\"https:\/\/lider-clean-auto.fr\/wp-content\/uploads\/2016\/10\/OMGM8466.jpg 2048w, https:\/\/lider-clean-auto.fr\/wp-content\/uploads\/2016\/10\/OMGM8466-150x150.jpg 150w, https:\/\/lider-clean-auto.fr\/wp-content\/uploads\/2016\/10\/OMGM8466-300x300.jpg 300w, https:\/\/lider-clean-auto.fr\/wp-content\/uploads\/2016\/10\/OMGM8466-768x768.jpg 768w, https:\/\/lider-clean-auto.fr\/wp-content\/uploads\/2016\/10\/OMGM8466-1024x1024.jpg 1024w\" sizes=\"(max-width: 2048px) 100vw, 2048px\" \/><img loading=\"lazy\" class=\"aligncenter size-full wp-image-330\" src=\"http:\/\/lider-clean-auto.fr\/wp-content\/uploads\/2016\/10\/PQBL9742.jpg\" alt=\"pqbl9742\" width=\"2048\" height=\"2048\" srcset=\"https:\/\/lider-clean-auto.fr\/wp-content\/uploads\/2016\/10\/PQBL9742.jpg 2048w, https:\/\/lider-clean-auto.fr\/wp-content\/uploads\/2016\/10\/PQBL9742-150x150.jpg 150w, https:\/\/lider-clean-auto.fr\/wp-content\/uploads\/2016\/10\/PQBL9742-300x300.jpg 300w, https:\/\/lider-clean-auto.fr\/wp-content\/uploads\/2016\/10\/PQBL9742-768x768.jpg 768w, https:\/\/lider-clean-auto.fr\/wp-content\/uploads\/2016\/10\/PQBL9742-1024x1024.jpg 1024w\" sizes=\"(max-width: 2048px) 100vw, 2048px\" \/><img loading=\"lazy\" class=\"aligncenter size-full wp-image-323\" src=\"http:\/\/lider-clean-auto.fr\/wp-content\/uploads\/2016\/10\/UYED6195.jpg\" alt=\"uyed6195\" width=\"2048\" height=\"2048\" srcset=\"https:\/\/lider-clean-auto.fr\/wp-content\/uploads\/2016\/10\/UYED6195.jpg 2048w, https:\/\/lider-clean-auto.fr\/wp-content\/uploads\/2016\/10\/UYED6195-150x150.jpg 150w, https:\/\/lider-clean-auto.fr\/wp-content\/uploads\/2016\/10\/UYED6195-300x300.jpg 300w, https:\/\/lider-clean-auto.fr\/wp-content\/uploads\/2016\/10\/UYED6195-768x768.jpg 768w, https:\/\/lider-clean-auto.fr\/wp-content\/uploads\/2016\/10\/UYED6195-1024x1024.jpg 1024w\" sizes=\"(max-width: 2048px) 100vw, 2048px\" \/><img loading=\"lazy\" class=\"aligncenter size-full wp-image-324\" src=\"http:\/\/lider-clean-auto.fr\/wp-content\/uploads\/2016\/10\/IMG_0419.jpg\" alt=\"img_0419\" width=\"3264\" height=\"2448\" srcset=\"https:\/\/lider-clean-auto.fr\/wp-content\/uploads\/2016\/10\/IMG_0419.jpg 3264w, https:\/\/lider-clean-auto.fr\/wp-content\/uploads\/2016\/10\/IMG_0419-300x225.jpg 300w, https:\/\/lider-clean-auto.fr\/wp-content\/uploads\/2016\/10\/IMG_0419-768x576.jpg 768w, https:\/\/lider-clean-auto.fr\/wp-content\/uploads\/2016\/10\/IMG_0419-1024x768.jpg 1024w\" sizes=\"(max-width: 3264px) 100vw, 3264px\" \/><img loading=\"lazy\" class=\"alignnone size-full wp-image-140\" src=\"http:\/\/lider-clean-auto.fr\/wp-content\/uploads\/2016\/10\/lider-clean-auto-0.jpg\" alt=\"lider-clean-auto-0\" width=\"960\" height=\"606\" srcset=\"https:\/\/lider-clean-auto.fr\/wp-content\/uploads\/2016\/10\/lider-clean-auto-0.jpg 960w, https:\/\/lider-clean-auto.fr\/wp-content\/uploads\/2016\/10\/lider-clean-auto-0-300x189.jpg 300w, https:\/\/lider-clean-auto.fr\/wp-content\/uploads\/2016\/10\/lider-clean-auto-0-768x485.jpg 768w\" sizes=\"(max-width: 960px) 100vw, 960px\" \/><\/p>\n","protected":false},"excerpt":{"rendered":"<p>Confiez le covering de votre v\u00e9hicule \u00e0 Lider Clean Auto ! Le\u00a0covering ou wrapping\u00a0est une pr\u00e9paration automobile ayant pour objectif d&rsquo;appliquer un\u00a0vinyle adh\u00e9sif\u00a0de d\u00e9coration ou de protection sur une partie &#8230;<\/p>\n","protected":false},"author":1,"featured_media":0,"parent":0,"menu_order":0,"comment_status":"closed","ping_status":"closed","template":"","meta":[],"_links":{"self":[{"href":"https:\/\/lider-clean-auto.fr\/index.php\/wp-json\/wp\/v2\/pages\/16"}],"collection":[{"href":"https:\/\/lider-clean-auto.fr\/index.php\/wp-json\/wp\/v2\/pages"}],"about":[{"href":"https:\/\/lider-clean-auto.fr\/index.php\/wp-json\/wp\/v2\/types\/page"}],"author":[{"embeddable":true,"href":"https:\/\/lider-clean-auto.fr\/index.php\/wp-json\/wp\/v2\/users\/1"}],"replies":[{"embeddable":true,"href":"https:\/\/lider-clean-auto.fr\/index.php\/wp-json\/wp\/v2\/comments?post=16"}],"version-history":[{"count":21,"href":"https:\/\/lider-clean-auto.fr\/index.php\/wp-json\/wp\/v2\/pages\/16\/revisions"}],"predecessor-version":[{"id":443,"href":"https:\/\/lider-clean-auto.fr\/index.php\/wp-json\/wp\/v2\/pages\/16\/revisions\/443"}],"wp:attachment":[{"href":"https:\/\/lider-clean-auto.fr\/index.php\/wp-json\/wp\/v2\/media?parent=16"}],"curies":[{"name":"wp","href":"https:\/\/api.w.org\/{rel}","templated":true}]}}